{"id":230,"date":"2016-08-31T14:55:00","date_gmt":"2016-08-31T12:55:00","guid":{"rendered":"http:\/\/zoller-patrizia.ch\/?page_id=230"},"modified":"2024-10-10T20:58:31","modified_gmt":"2024-10-10T18:58:31","slug":"presse","status":"publish","type":"page","link":"https:\/\/zoller-patrizia.ch\/index.php\/presse\/","title":{"rendered":"Presse"},"content":{"rendered":"<div id=\"pl-230\" class=\"panel-layout\">\n<div id=\"pg-230-0\" class=\"panel-grid panel-no-style\">\n<div id=\"pgc-230-0-0\" class=\"panel-grid-cell\" data-weight=\"1\">\n<div id=\"panel-230-0-0-0\" class=\"so-panel widget widget_sow-editor panel-first-child panel-last-child\" data-index=\"0\" data-style=\"{&quot;background_image_attachment&quot;:false,&quot;background_display&quot;:&quot;tile&quot;}\">\n<div class=\"so-widget-sow-editor so-widget-sow-editor-base\">\n<div class=\"siteorigin-widget-tinymce textwidget\"><\/div>\n<\/div>\n<\/div>\n<\/div>\n<\/div>\n<div id=\"pg-230-1\" class=\"panel-grid panel-no-style\" data-style=\"{&quot;background_display&quot;:&quot;tile&quot;}\">\n<div id=\"pgc-230-1-1\" class=\"panel-grid-cell\" data-weight=\"0.53512811856996\">\n<div id=\"panel-230-1-1-0\" class=\"so-panel widget widget_sow-editor panel-first-child panel-last-child\" data-index=\"2\" data-style=\"{&quot;background_image_attachment&quot;:false,&quot;background_display&quot;:&quot;tile&quot;,&quot;link_color&quot;:&quot;#000000&quot;}\">\n<div class=\"so-widget-sow-editor so-widget-sow-editor-base\">\n<h1 class=\"siteorigin-widget-tinymce textwidget\"><a><strong>Pressemitteilung<\/strong><\/a><\/h1>\n<h1><\/h1>\n<\/div>\n<\/div>\n<\/div>\n<\/div>\n<\/div>\n<div id=\"pl-230\" class=\"panel-layout\">\n<div id=\"pg-230-1\" class=\"panel-grid panel-no-style\" data-style=\"{&quot;background_display&quot;:&quot;tile&quot;}\">\n<div id=\"pgc-230-1-1\" class=\"panel-grid-cell\" data-weight=\"0.53512811856996\">\n<div id=\"panel-230-1-1-0\" class=\"so-panel widget widget_sow-editor panel-first-child panel-last-child\" data-index=\"2\" data-style=\"{&quot;background_image_attachment&quot;:false,&quot;background_display&quot;:&quot;tile&quot;,&quot;link_color&quot;:&quot;#000000&quot;}\">\n<div class=\"so-widget-sow-editor so-widget-sow-editor-base\">\n<div class=\"siteorigin-widget-tinymce textwidget\">\n<p><a href=\"https:\/\/zoller-patrizia.ch\/wp-content\/uploads\/2020\/03\/Patrizia-Zoller-another-representative-of-abstract-art-at-the-ARTBOX.PROJECT-Barcelona-1.0.pdf\">Pressetext, ARTBOX Projects Barcelona<\/a><\/p>\n<p><a href=\"https:\/\/zoller-patrizia.ch\/wp-content\/uploads\/2020\/03\/Patrizia-Zoller-newsfox-09.03.2020.pdf\">Pressetext, ARTBOX Projects Barcelona<\/a><\/p>\n<p><a href=\"https:\/\/zoller-patrizia.ch\/wp-content\/uploads\/2019\/11\/Zertifikat_Finalist_PatriziaZoller5426.jpg\">Finalistin f\u00fcr das ARTBOX.PROJECT Miami 2.0<\/a><\/p>\n<p><a href=\"https:\/\/zoller-patrizia.ch\/wp-content\/uploads\/2020\/03\/Internationale-Kunst-heute-.jpg\">Kunstkritik Dr. Ingrid Gardill <\/a><\/p>\n<p><a href=\"http:\/\/zoller-patrizia.ch\/wp-content\/uploads\/2018\/05\/Cover-Kunst-Heute-2018_U1_A4_web-002.jpg\">Internationale Kunst Heute <\/a><\/p>\n<p><a href=\"http:\/\/zoller-patrizia.ch\/wp-content\/uploads\/2018\/05\/Zeitungsartikel-6.5.2018.jpg\">l&#8217;Art au coeur de l\u2019Europe Zeitungsartikel<\/a><\/p>\n<p><a href=\"http:\/\/zoller-patrizia.ch\/wp-content\/uploads\/2018\/05\/FB-Zertifikat.jpg\">Ehrengast an der Kunstmesse l&#8217;Art au coeur de l\u2019Europe <\/a><\/p>\n<p><a href=\"https:\/\/www.artgroupzug.ch\/kuenstler\/patrizia-zoller\/\">Mitglied ART Group Zug<\/a><\/p>\n<p><a href=\"http:\/\/europe-arts.eu\/index.html\">Ehrengastk\u00fcnstlerin an der ART de l&#8217;Europe Illzach<\/a><\/p>\n<p><a href=\"http:\/\/zoller-patrizia.ch\/wp-content\/uploads\/2017\/06\/Einladung-Scope.jpg\">Scope Basel<\/a><\/p>\n<p><a href=\"http:\/\/zoller-patrizia.ch\/wp-content\/uploads\/2017\/06\/PDFMailer.pdf\">Mit dem Werk &#8222;Rosenbl\u00e4tter&#8220; im Halbfinale vertreten<\/a><\/p>\n<p><a href=\"https:\/\/barfi.ch\/Events\/Ausstellungen-Museen-Galerien\/Scheinheilig\">Galerie Brigitta Leupin<\/a><\/p>\n<p><a href=\"http:\/\/zoller-patrizia.ch\/wp-content\/uploads\/2016\/09\/Buch.pdf\">Buch der K\u00fcnste, Gruppenbilder<\/a><\/p>\n<p><a href=\"http:\/\/zoller-patrizia.ch\/wp-content\/uploads\/2016\/09\/Kunstkritik-Wettstein-englisch-11.4.2016.pdf\">Kunstkritik von Pino Nicoletti, Matera, Italien (englisch)<\/a><\/p>\n<p><a href=\"http:\/\/zoller-patrizia.ch\/wp-content\/uploads\/2016\/09\/Kunstkritik-Wettstein-deutsch-11.4.2016.pdf\">Kunstkritik von Pino Nicoletti, Matera, Italien (deutsch)<\/a><\/p>\n<p><a href=\"http:\/\/zoller-patrizia.ch\/wp-content\/uploads\/2016\/09\/Achtzig-Galerie-Ma\u0308rz-2016-Flyer.pdf\">Galerie Diana Achtzig, Berlin, Gruppenausstellung<\/a><\/p>\n<p><a href=\"http:\/\/zoller-patrizia.ch\/wp-content\/uploads\/2016\/09\/zurich-oberl\u00e4ndler.pdf\">Z\u00fcrcher Oberl\u00e4ndler, Kunst-Bauwand Glattpark<\/a><\/p>\n<\/div>\n<\/div>\n<\/div>\n<\/div>\n<div id=\"pgc-230-1-2\" class=\"panel-grid-cell\" data-weight=\"0.302734375\">\n<div id=\"panel-230-1-2-0\" class=\"so-panel widget widget_sow-editor panel-first-child\" data-index=\"3\" data-style=\"{&quot;background_image_attachment&quot;:false,&quot;background_display&quot;:&quot;tile&quot;}\">\n<div class=\"so-widget-sow-editor so-widget-sow-editor-base\">\n<div class=\"siteorigin-widget-tinymce textwidget\">\n<p><img decoding=\"async\" class=\"size-medium wp-image-298 alignright\" src=\"http:\/\/zoller-patrizia.ch\/wp-content\/uploads\/2016\/08\/13413882_625804557569956_2138314532_n-227x300.jpg\" alt=\"13413882_625804557569956_2138314532_n\" width=\"227\" height=\"300\" srcset=\"https:\/\/zoller-patrizia.ch\/wp-content\/uploads\/2016\/08\/13413882_625804557569956_2138314532_n-227x300.jpg 227w, https:\/\/zoller-patrizia.ch\/wp-content\/uploads\/2016\/08\/13413882_625804557569956_2138314532_n-500x661.jpg 500w, https:\/\/zoller-patrizia.ch\/wp-content\/uploads\/2016\/08\/13413882_625804557569956_2138314532_n.jpg 549w\" sizes=\"(max-width: 227px) 100vw, 227px\" \/><\/p>\n<\/div>\n<\/div>\n<\/div>\n<div id=\"panel-230-1-2-1\" class=\"so-panel widget widget_sow-editor panel-last-child\" data-index=\"4\" data-style=\"{&quot;background_image_attachment&quot;:false,&quot;background_display&quot;:&quot;tile&quot;}\">\n<div class=\"so-widget-sow-editor so-widget-sow-editor-base\">\n<div class=\"siteorigin-widget-tinymce textwidget\">\n<p><img decoding=\"async\" class=\" wp-image-419 alignright\" src=\"https:\/\/zoller-patrizia.ch\/wp-content\/uploads\/2018\/05\/Cover-Kunst-Heute-2018_U1_A4_web-002-212x300.jpg\" alt=\"\" width=\"225\" height=\"318\" srcset=\"https:\/\/zoller-patrizia.ch\/wp-content\/uploads\/2018\/05\/Cover-Kunst-Heute-2018_U1_A4_web-002-212x300.jpg 212w, https:\/\/zoller-patrizia.ch\/wp-content\/uploads\/2018\/05\/Cover-Kunst-Heute-2018_U1_A4_web-002-724x1024.jpg 724w, https:\/\/zoller-patrizia.ch\/wp-content\/uploads\/2018\/05\/Cover-Kunst-Heute-2018_U1_A4_web-002-500x707.jpg 500w\" sizes=\"(max-width: 225px) 100vw, 225px\" \/><\/p>\n<\/div>\n<\/div>\n<\/div>\n<\/div>\n<\/div>\n<\/div>\n","protected":false},"excerpt":{"rendered":"<p>Pressemitteilung Pressetext, ARTBOX Projects Barcelona Pressetext, ARTBOX Projects Barcelona Finalistin f\u00fcr das ARTBOX.PROJECT Miami 2.0 Kunstkritik Dr. Ingrid Gardill Internationale Kunst Heute l&#8217;Art au coeur de l\u2019Europe Zeitungsartikel Ehrengast an der Kunstmesse l&#8217;Art au coeur de l\u2019Europe Mitglied ART Group Zug Ehrengastk\u00fcnstlerin an der ART de l&#8217;Europe Illzach Scope Basel Mit dem Werk &#8222;Rosenbl\u00e4tter&#8220; im Halbfinale vertreten Galerie Brigitta Leupin Buch der K\u00fcnste, Gruppenbilder Kunstkritik von Pino Nicoletti, Matera, Italien (englisch) Kunstkritik von Pino Nicoletti, Matera, Italien (deutsch) Galerie Diana Achtzig, Berlin, Gruppenausstellung Z\u00fcrcher Oberl\u00e4ndler, Kunst-Bauwand Glattpark<\/p>\n","protected":false},"author":1,"featured_media":0,"parent":0,"menu_order":0,"comment_status":"closed","ping_status":"closed","template":"","meta":{"footnotes":""},"class_list":["post-230","page","type-page","status-publish","hentry"],"_links":{"self":[{"href":"https:\/\/zoller-patrizia.ch\/index.php\/wp-json\/wp\/v2\/pages\/230"}],"collection":[{"href":"https:\/\/zoller-patrizia.ch\/index.php\/wp-json\/wp\/v2\/pages"}],"about":[{"href":"https:\/\/zoller-patrizia.ch\/index.php\/wp-json\/wp\/v2\/types\/page"}],"author":[{"embeddable":true,"href":"https:\/\/zoller-patrizia.ch\/index.php\/wp-json\/wp\/v2\/users\/1"}],"replies":[{"embeddable":true,"href":"https:\/\/zoller-patrizia.ch\/index.php\/wp-json\/wp\/v2\/comments?post=230"}],"version-history":[{"count":86,"href":"https:\/\/zoller-patrizia.ch\/index.php\/wp-json\/wp\/v2\/pages\/230\/revisions"}],"predecessor-version":[{"id":1094,"href":"https:\/\/zoller-patrizia.ch\/index.php\/wp-json\/wp\/v2\/pages\/230\/revisions\/1094"}],"wp:attachment":[{"href":"https:\/\/zoller-patrizia.ch\/index.php\/wp-json\/wp\/v2\/media?parent=230"}],"curies":[{"name":"wp","href":"https:\/\/api.w.org\/{rel}","templated":true}]}}