{"id":5,"date":"2016-06-14T10:59:28","date_gmt":"2016-06-14T08:59:28","guid":{"rendered":"http:\/\/zoller-patrizia.ch\/?page_id=5"},"modified":"2023-05-01T22:10:40","modified_gmt":"2023-05-01T20:10:40","slug":"home","status":"publish","type":"page","link":"https:\/\/zoller-patrizia.ch\/","title":{"rendered":"Home"},"content":{"rendered":"<h3>Treten Sie ein in meine farbige Welt<\/h3>\n<hr>\n<p>Farben sind schon seit je her einer meiner engsten Lebensbegleiter und sind gleichzeitig die Grundlage meiner gef\u00fchlsvollen, kreativen Schaffenskraft.<br \/>\n<br class=\"clear\"><\/p>\n<p>Mit den Farben kann ich mich meinen Stimmungen, Emotionen und Eingebungen hingeben. Farben lassen ebenso dem Interessierten mannigfaltigen Raum, seine eigenen Wahrnehmungen und Tr\u00e4ume herzuzaubern. Bei meinen abstrakt gestalteten Bildern verwende ich unterschiedliche Materialien und Techniken, um dem Betrachter Freiheit f\u00fcr seine eigenen Empfindungen zu lassen. Ich erm\u00f6gliche ihm, in meine Werke einzutauchen, sich mit ihnen auseinanderzusetzen, und die Kl\u00e4nge meiner Sinfonie zu f\u00fchlen.<br \/>\n<br class=\"clear\"><\/p>\n<p>Sind es gerade die Farbschattierungen, welche einige meiner Arbeiten charakterisieren, zeichnen sich andere durch eine leichte und weiche Transparenz in einem warmen Licht aus. Weitere Werke unterscheiden sich durch Leichtigkeit oder Tiefe aus. In den meisten meiner Bilder liegt ein lebensbejahendes und poetisches Thema zugrunde, gepaart mit Emotionen aus den tiefsten Gr\u00fcnden meiner Seele. Meine Bilder sollen Entdeckungsreisen erm\u00f6glichen und beim Betrachter positive Gef\u00fchle, Schwingungen und Empfindungen ausl\u00f6sen. Es liegt mir daher sehr am Herzen, meinen Werken die n\u00f6tige Kraft und Ausdrucksweise mitzugeben, die interessieren, ansprechen und etwas sinfonieartiges ausl\u00f6sen. Sollte es mir gelingen, mit dieser Harmonie den Kunstliebhaber meiner Bilder einzufangen, habe ich mein k\u00fcnstlerisches Ziel erreicht.<br \/>\n<br class=\"clear\"><\/p>\n<p>Zahlreiche Ausstellungen in der Schweiz, Luxembourg, Frankreich, Deutschland, \u00d6sterreich, Italien, Marbella, Innsbruck und Wien.<br \/>\n<br class=\"clear\"><\/p>\n<p>Maura Patrizia Zoller<\/p>\n<h4>Kunst &#8211; Das Streben nach Vollkommenheit<\/h4>\n<hr>\n<p><img decoding=\"async\" class=\"aligncenter  wp-image-853\" src=\"https:\/\/zoller-patrizia.ch\/wp-content\/uploads\/2021\/09\/PZ-social-medias-Insta-etc.2058-scaled.jpg\" alt=\"\" width=\"753\" height=\"530\" srcset=\"https:\/\/zoller-patrizia.ch\/wp-content\/uploads\/2021\/09\/PZ-social-medias-Insta-etc.2058-scaled.jpg 2560w, https:\/\/zoller-patrizia.ch\/wp-content\/uploads\/2021\/09\/PZ-social-medias-Insta-etc.2058-300x211.jpg 300w, https:\/\/zoller-patrizia.ch\/wp-content\/uploads\/2021\/09\/PZ-social-medias-Insta-etc.2058-1024x721.jpg 1024w, https:\/\/zoller-patrizia.ch\/wp-content\/uploads\/2021\/09\/PZ-social-medias-Insta-etc.2058-500x352.jpg 500w, https:\/\/zoller-patrizia.ch\/wp-content\/uploads\/2021\/09\/PZ-social-medias-Insta-etc.2058-1536x1081.jpg 1536w, https:\/\/zoller-patrizia.ch\/wp-content\/uploads\/2021\/09\/PZ-social-medias-Insta-etc.2058-2048x1442.jpg 2048w, https:\/\/zoller-patrizia.ch\/wp-content\/uploads\/2021\/09\/PZ-social-medias-Insta-etc.2058-1140x803.jpg 1140w\" sizes=\"(max-width: 753px) 100vw, 753px\" \/><\/p>\n<hr>\n","protected":false},"excerpt":{"rendered":"<p>Treten Sie ein in meine farbige Welt Farben sind schon seit je her einer meiner engsten Lebensbegleiter und sind gleichzeitig die Grundlage meiner gef\u00fchlsvollen, kreativen Schaffenskraft. Mit den Farben kann ich mich meinen Stimmungen, Emotionen und Eingebungen hingeben. Farben lassen ebenso dem Interessierten mannigfaltigen Raum, seine eigenen Wahrnehmungen und Tr\u00e4ume herzuzaubern. Bei meinen abstrakt gestalteten Bildern verwende ich unterschiedliche Materialien und Techniken, um dem Betrachter Freiheit f\u00fcr seine eigenen Empfindungen zu lassen. Ich erm\u00f6gliche ihm, in meine Werke einzutauchen, sich mit ihnen auseinanderzusetzen, und die Kl\u00e4nge meiner Sinfonie zu f\u00fchlen. Sind es gerade die Farbschattierungen, welche einige meiner Arbeiten charakterisieren, zeichnen sich andere durch eine leichte und weiche Transparenz in einem warmen Licht aus. Weitere Werke unterscheiden sich durch Leichtigkeit oder Tiefe aus. In den meisten meiner Bilder liegt ein lebensbejahendes und poetisches Thema zugrunde, gepaart mit Emotionen aus den tiefsten Gr\u00fcnden meiner Seele. Meine Bilder sollen Entdeckungsreisen erm\u00f6glichen und beim Betrachter positive Gef\u00fchle, Schwingungen und Empfindungen ausl\u00f6sen. Es liegt mir daher sehr am Herzen, meinen Werken die n\u00f6tige Kraft und Ausdrucksweise mitzugeben, die interessieren, ansprechen und etwas sinfonieartiges ausl\u00f6sen. Sollte es mir gelingen, mit dieser Harmonie den Kunstliebhaber meiner Bilder einzufangen, habe ich mein k\u00fcnstlerisches Ziel erreicht. Zahlreiche Ausstellungen in der Schweiz, Luxembourg, Frankreich, Deutschland, \u00d6sterreich, Italien, Marbella, Innsbruck und Wien. Maura Patrizia Zoller Kunst &#8211; Das Streben nach Vollkommenheit<\/p>\n","protected":false},"author":1,"featured_media":0,"parent":0,"menu_order":0,"comment_status":"closed","ping_status":"closed","template":"","meta":{"footnotes":""},"class_list":["post-5","page","type-page","status-publish","hentry"],"_links":{"self":[{"href":"https:\/\/zoller-patrizia.ch\/index.php\/wp-json\/wp\/v2\/pages\/5"}],"collection":[{"href":"https:\/\/zoller-patrizia.ch\/index.php\/wp-json\/wp\/v2\/pages"}],"about":[{"href":"https:\/\/zoller-patrizia.ch\/index.php\/wp-json\/wp\/v2\/types\/page"}],"author":[{"embeddable":true,"href":"https:\/\/zoller-patrizia.ch\/index.php\/wp-json\/wp\/v2\/users\/1"}],"replies":[{"embeddable":true,"href":"https:\/\/zoller-patrizia.ch\/index.php\/wp-json\/wp\/v2\/comments?post=5"}],"version-history":[{"count":64,"href":"https:\/\/zoller-patrizia.ch\/index.php\/wp-json\/wp\/v2\/pages\/5\/revisions"}],"predecessor-version":[{"id":1019,"href":"https:\/\/zoller-patrizia.ch\/index.php\/wp-json\/wp\/v2\/pages\/5\/revisions\/1019"}],"wp:attachment":[{"href":"https:\/\/zoller-patrizia.ch\/index.php\/wp-json\/wp\/v2\/media?parent=5"}],"curies":[{"name":"wp","href":"https:\/\/api.w.org\/{rel}","templated":true}]}}