{"id":769,"date":"2020-03-26T10:59:14","date_gmt":"2020-03-26T09:59:14","guid":{"rendered":"https:\/\/zoller-patrizia.ch\/?page_id=769"},"modified":"2020-03-26T11:57:18","modified_gmt":"2020-03-26T10:57:18","slug":"disclaimer","status":"publish","type":"page","link":"https:\/\/zoller-patrizia.ch\/index.php\/disclaimer\/","title":{"rendered":"Disclaimer"},"content":{"rendered":"<div id=\"pl-769\"  class=\"panel-layout\" >\n<div id=\"pg-769-0\"  class=\"panel-grid panel-no-style\" >\n<div id=\"pgc-769-0-0\"  class=\"panel-grid-cell\"  data-weight=\"1\" >\n<div id=\"panel-769-0-0-0\" class=\"so-panel widget widget_sow-editor panel-first-child panel-last-child\" data-index=\"0\" data-style=\"{&quot;background_image_attachment&quot;:false,&quot;background_display&quot;:&quot;tile&quot;}\" >\n<div class=\"so-widget-sow-editor so-widget-sow-editor-base\">\n<div class=\"siteorigin-widget-tinymce textwidget\">\n\t<\/div>\n<\/div>\n<\/div>\n<\/div>\n<\/div>\n<div id=\"pg-769-1\"  class=\"panel-grid panel-no-style\"  data-style=\"{&quot;background_display&quot;:&quot;tile&quot;}\" >\n<div id=\"pgc-769-1-0\"  class=\"panel-grid-cell panel-grid-cell-mobile-last\"  data-weight=\"0.97894011630596\" >\n<div id=\"panel-769-1-0-0\" class=\"so-panel widget widget_sow-editor panel-first-child panel-last-child\" data-index=\"1\" data-style=\"{&quot;widget_css&quot;:&quot;.demo { hyphens: auto; \\n        text-align: justify\\n}&quot;,&quot;mobile_css&quot;:&quot;.demo { hyphens: auto; \\n        text-align: justify\\n}&quot;,&quot;background_image_attachment&quot;:false,&quot;background_display&quot;:&quot;tile&quot;}\" >\n<div class=\"so-widget-sow-editor so-widget-sow-editor-base\">\n<div class=\"siteorigin-widget-tinymce textwidget\">\n\tDer Inhalt dieser Website wird sorgf\u00e4ltig ausgew\u00e4hlt und auf dem neusten Stand gehalten. Wird eine \u00e4ltere Information publiziert, ist das Datum angegeben und sie entspricht dem Wissenstand zur Zeit ihrer Erstellung. In Beitr\u00e4gen, die mit Namen gekennzeichnet sind, wird die Meinung des Autors vertreten, die nicht unbedingt der Meinung des Dritten entspricht. Durch das Betrachten und Lesen der Websites kommt kein Vertrag f\u00fcr Dienstleistungen des Unternehmens Maura Patrizia Zoller zwischen dem Nutzer und dem Anbieter zustande. Die Informationen der Webseite sind eine Gef\u00e4lligkeit des Unternehmens Maura Patrizia Zoller f\u00fcr die Betrachter und gelten nicht als Dienstleistung. Deswegen \u00fcbernimmt das Unternehmen Maura Patrizia Zoller keine Gew\u00e4hrleistung f\u00fcr die Richtigkeit, Vollst\u00e4ndig und Aktualit\u00e4t des Webseiteninhalts. Wer die auf der Webseite publizierten Informationen nutzt, tut dies auf eigene Gefahr.<\/p>\n<p>Die auf der Webseite des Unternehmens Maura Patrizia Zoller ver\u00f6ffentlichten Inhalte unterliegen dem schweizerischen Urheberrecht. F\u00fcr die Vervielf\u00e4ltigung, Bearbeitung, \u00dcbersetzung, Einspeicherung und Wiedergabe von Inhalten in Datenbanken oder anderen elektronischen Medien und Systemen ben\u00f6tigt man eine schriftliche Zustimmung des Unternehmens Maura Patrizia Zoller. Zitate sind ohne Zustimmung erlaubt, wenn die Quelle genannt wird. F\u00fcr einen Link auf die Webseite des Unternehmens Maura Patrizia Zoller muss ebenfalls eine schriftliche Zustimmung eingeholt werden. Wer die Inhalte oder sonstige Angaben, z.B. im Impressum, f\u00fcr Werbung benutzen will, hat eine schriftliche Erlaubnis einzuholen. Andernfalls ist eine solche Nutzung der Webseite des Unternehmens Maura Patrizia Zoller ausdr\u00fccklich nicht erlaubt.<\/p><\/div>\n<\/div>\n<\/div>\n<\/div>\n<div id=\"pgc-769-1-1\"  class=\"panel-grid-cell panel-grid-cell-empty\"  data-weight=\"0.021059883694039\" ><\/div>\n<\/div>\n<\/div>\n","protected":false},"excerpt":{"rendered":"<p>Der Inhalt dieser Website wird sorgf\u00e4ltig ausgew\u00e4hlt und auf dem neusten Stand gehalten. Wird eine \u00e4ltere Information publiziert, ist das Datum angegeben und sie entspricht dem Wissenstand zur Zeit ihrer Erstellung. In Beitr\u00e4gen, die mit Namen gekennzeichnet sind, wird die Meinung des Autors vertreten, die nicht unbedingt der Meinung des Dritten entspricht. Durch das Betrachten und Lesen der Websites kommt kein Vertrag f\u00fcr Dienstleistungen des Unternehmens Maura Patrizia Zoller zwischen dem Nutzer und dem Anbieter zustande. Die Informationen der Webseite sind eine Gef\u00e4lligkeit des Unternehmens Maura Patrizia Zoller f\u00fcr die Betrachter und gelten nicht als Dienstleistung. Deswegen \u00fcbernimmt das Unternehmen Maura Patrizia Zoller keine Gew\u00e4hrleistung f\u00fcr die Richtigkeit, Vollst\u00e4ndig und Aktualit\u00e4t des Webseiteninhalts. Wer die auf der Webseite publizierten Informationen nutzt, tut dies auf eigene Gefahr. Die auf der Webseite des Unternehmens Maura Patrizia Zoller ver\u00f6ffentlichten Inhalte unterliegen dem schweizerischen Urheberrecht. F\u00fcr die Vervielf\u00e4ltigung, Bearbeitung, \u00dcbersetzung, Einspeicherung und Wiedergabe von Inhalten in Datenbanken oder anderen elektronischen Medien und Systemen ben\u00f6tigt man eine schriftliche Zustimmung des Unternehmens Maura Patrizia Zoller. Zitate sind ohne Zustimmung erlaubt, wenn die Quelle genannt wird. F\u00fcr einen Link auf die Webseite des Unternehmens Maura Patrizia Zoller muss ebenfalls eine schriftliche Zustimmung eingeholt werden. Wer die Inhalte oder sonstige Angaben, z.B. im Impressum, f\u00fcr Werbung benutzen will, hat eine schriftliche Erlaubnis einzuholen. Andernfalls ist eine solche Nutzung der Webseite des Unternehmens Maura Patrizia Zoller ausdr\u00fccklich nicht erlaubt.<\/p>\n","protected":false},"author":3,"featured_media":0,"parent":0,"menu_order":0,"comment_status":"closed","ping_status":"closed","template":"","meta":{"footnotes":""},"class_list":["post-769","page","type-page","status-publish","hentry"],"_links":{"self":[{"href":"https:\/\/zoller-patrizia.ch\/index.php\/wp-json\/wp\/v2\/pages\/769"}],"collection":[{"href":"https:\/\/zoller-patrizia.ch\/index.php\/wp-json\/wp\/v2\/pages"}],"about":[{"href":"https:\/\/zoller-patrizia.ch\/index.php\/wp-json\/wp\/v2\/types\/page"}],"author":[{"embeddable":true,"href":"https:\/\/zoller-patrizia.ch\/index.php\/wp-json\/wp\/v2\/users\/3"}],"replies":[{"embeddable":true,"href":"https:\/\/zoller-patrizia.ch\/index.php\/wp-json\/wp\/v2\/comments?post=769"}],"version-history":[{"count":5,"href":"https:\/\/zoller-patrizia.ch\/index.php\/wp-json\/wp\/v2\/pages\/769\/revisions"}],"predecessor-version":[{"id":781,"href":"https:\/\/zoller-patrizia.ch\/index.php\/wp-json\/wp\/v2\/pages\/769\/revisions\/781"}],"wp:attachment":[{"href":"https:\/\/zoller-patrizia.ch\/index.php\/wp-json\/wp\/v2\/media?parent=769"}],"curies":[{"name":"wp","href":"https:\/\/api.w.org\/{rel}","templated":true}]}}